{"id":459,"date":"2022-09-23T06:57:56","date_gmt":"2022-09-23T06:57:56","guid":{"rendered":"http:\/\/tga-solutions-plus.de\/career\/"},"modified":"2022-11-08T12:54:16","modified_gmt":"2022-11-08T12:54:16","slug":"career","status":"publish","type":"page","link":"https:\/\/tga-solutions-plus.de\/en\/career\/","title":{"rendered":"Career"},"content":{"rendered":"\n<div id=\"wp-block-themeisle-blocks-advanced-columns-c81ac4ee\" class=\"wp-block-themeisle-blocks-advanced-columns has-1-columns has-desktop-equal-layout has-tablet-equal-layout has-mobile-equal-layout has-vertical-unset\"><div class=\"wp-block-themeisle-blocks-advanced-columns-overlay\"><\/div><div class=\"innerblocks-wrap\">\n<div id=\"wp-block-themeisle-blocks-advanced-column-4ed1b6b8\" class=\"wp-block-themeisle-blocks-advanced-column\">\n<div class=\"wp-block-nextend-smartslider3\"><\/div>\n\n\n\n<h3 class=\"has-text-align-center\"><br>Current vacancies<\/h3>\n\n\n\n<h4 class=\"has-text-align-center\">We are looking for:<br><\/h4>\n\n\n\n<p><\/p>\n<\/div>\n<\/div><\/div>\n\n\n<div class=\"su-expand su-expand-collapsed su-expand-link-style-default karriere\" data-height=\"185\"><div class=\"su-expand-content su-u-trim\" style=\"color:var(--contrast);max-height:185px;overflow:hidden\">\n<p class=\"BlueBox\">Technische:R Systemplaner:IN \/ Technische:r Zeichner:IN \/ <br \/>TGA-Konstrukteur:IN HKLS und Elektrotechnik (m\/w\/d)<\/p>\n<p class=\"BlueBoxSmall\">&nbsp;<\/p>\n<p><b><br \/>Die TGA Solutions plus<\/b><br \/>Wir sind eine Ingenieurgesellschaft im Bereich der technischen Geb\u00e4udeausr\u00fcstung f\u00fcr die Bereiche HKLS und Elektrotechnik mit Sitz in M\u00fclheim\/Ruhr. Seit unserer Gr\u00fcndung im Jahr 2018 haben wir uns sehr erfolgreich am Markt etabliert und suchen nun zum weiteren Ausbau unserer Aktivit\u00e4ten Ihre Erfahrung und Ihr Knowhow im Bereich der techn. Geb\u00e4udeausr\u00fcstung.<\/p>\n<hr>\n<p><b>Ihre Kompetenzen<\/b><br \/>Erfolgreich abgeschlossene Ausbildung zum Technischen Zeichner (m\/w\/d) oder vergleichbare technische Ausbildung in der Geb\u00e4udeausr\u00fcstung<\/p>\n<p>Berufserfahrung im Bereich Planung LP1-6 von geb\u00e4udetechnischen Anlagen mit Schwerpunkt Raumlufttechnische Anlagen.<\/p>\n<p>Gute Anwenderkenntnisse in den Programmen PlanCal Nova, AutoCAD und Office Anwendungen. CAD Systemplanung unter Ber\u00fccksichtigung der individuellen Kundenw\u00fcnsche, die technische Machbarkeit, sowie die \u00f6ffentlich-rechtlichen Vorschriften.<\/p>\n<p>Konstruktive, engagierte und l\u00f6sungsorientierte Arbeitsweise gepaart mit guten kommunikativen F\u00e4higkeiten<\/p>\n<hr>\n<p><b>Was Sie erwartet<\/b><br \/>Ein anspruchsvolles und spannendes Aufgabengebiet in einem leistungsstarken, innovativen und wachsenden Unternehmen<br \/>Verantwortliche Bearbeitung der Leistungsphasen 1-6 der HOAI<br \/>Sehr gute Entwicklungsm\u00f6glichkeiten in einem strukturieren Umfeld<br \/>Eigenverantwortlichen Gestaltungs- und Handlungsspielraum<br \/>Teamspirit &#8211; verbunden durch den Willen zum Erfolg<br \/>Gemeinsame Auswahl Ihrer Arbeitsmittel<br \/>Leistungsgerechte Entlohnung<br \/>Dienstwagen, auch zur privaten Nutzung, nach der Probezeit<\/p>\n<p>Da wir in einem internationalen Umfeld operieren sind gute Englischkenntnisse von Vorteil.<\/p>\n<\/div><div class=\"su-expand-link su-expand-link-more\" style=\"text-align:left\"><a href=\"javascript:;\" style=\"color:#001f4b;border-color:#001f4b\"><span style=\"border-color:#001f4b\">Weitere Informationen<\/span><\/a><\/div><div class=\"su-expand-link su-expand-link-less\" style=\"text-align:left\"><a href=\"javascript:;\" style=\"color:#001f4b;border-color:#001f4b\"><span style=\"border-color:#001f4b\">Weniger Informationen<\/span><\/a><\/div><\/div>\n\n\n\n<p><p><\/p><p>&nbsp;<\/p>\n<p>&nbsp;<\/p><\/p>\n\n\n\n<p><\/p>\n\n\n\n<div class=\"wp-container-3 wp-block-columns\">\n<div class=\"wp-container-2 wp-block-column has-background\" style=\"background-color:#ffd200\">\n<h2 class=\"has-text-align-center blue has-base-3-color has-text-color\"><br>ANY QUESTIONS?<\/h2>\n\n\n\n<p class=\"has-text-align-center blue has-base-3-color has-text-color\">Contact us directly<\/p>\n\n\n\n<div class=\"wp-container-1 wp-block-buttons\">\n<div class=\"wp-block-button aligncenter\"><a class=\"wp-block-button__link has-background\" href=\"mailto:info@tga-solutions-plus.de\" style=\"background-color:#001f4b\">EMAIL<\/a><\/div>\n<\/div>\n\n\n\n<p><\/p>\n<\/div>\n<\/div>\n","protected":false},"excerpt":{"rendered":"<p>&nbsp; &nbsp; ANY QUESTIONS? Contact us directly<\/p>\n","protected":false},"author":1,"featured_media":0,"parent":0,"menu_order":0,"comment_status":"closed","ping_status":"closed","template":"","meta":{"ngg_post_thumbnail":0,"_themeisle_gutenberg_block_has_review":false},"_links":{"self":[{"href":"https:\/\/tga-solutions-plus.de\/en\/wp-json\/wp\/v2\/pages\/459"}],"collection":[{"href":"https:\/\/tga-solutions-plus.de\/en\/wp-json\/wp\/v2\/pages"}],"about":[{"href":"https:\/\/tga-solutions-plus.de\/en\/wp-json\/wp\/v2\/types\/page"}],"author":[{"embeddable":true,"href":"https:\/\/tga-solutions-plus.de\/en\/wp-json\/wp\/v2\/users\/1"}],"replies":[{"embeddable":true,"href":"https:\/\/tga-solutions-plus.de\/en\/wp-json\/wp\/v2\/comments?post=459"}],"version-history":[{"count":6,"href":"https:\/\/tga-solutions-plus.de\/en\/wp-json\/wp\/v2\/pages\/459\/revisions"}],"predecessor-version":[{"id":1208,"href":"https:\/\/tga-solutions-plus.de\/en\/wp-json\/wp\/v2\/pages\/459\/revisions\/1208"}],"wp:attachment":[{"href":"https:\/\/tga-solutions-plus.de\/en\/wp-json\/wp\/v2\/media?parent=459"}],"curies":[{"name":"wp","href":"https:\/\/api.w.org\/{rel}","templated":true}]}}