{"id":449,"date":"2022-09-23T06:58:31","date_gmt":"2022-09-23T06:58:31","guid":{"rendered":"http:\/\/tga-solutions-plus.de\/about-us\/"},"modified":"2026-04-21T08:55:27","modified_gmt":"2026-04-21T08:55:27","slug":"about-us","status":"publish","type":"page","link":"https:\/\/tga-solutions-plus.de\/en\/about-us\/","title":{"rendered":"About us"},"content":{"rendered":"\n<div id=\"wp-block-themeisle-blocks-advanced-columns-692a93e7\" class=\"wp-block-themeisle-blocks-advanced-columns has-1-columns has-desktop-equal-layout has-tablet-equal-layout has-mobile-equal-layout has-vertical-unset\"><div class=\"wp-block-themeisle-blocks-advanced-columns-overlay\"><\/div><div class=\"innerblocks-wrap\">\n<div id=\"wp-block-themeisle-blocks-advanced-column-3d52273d\" class=\"wp-block-themeisle-blocks-advanced-column\">\n<div class=\"wp-block-nextend-smartslider3 ticss-3c6a511f\"><\/div>\n\n\n\n<p><\/p>\n\n\n\n<p class=\"has-text-align-center\">Due to our customers&#8217; high demand, satisfaction, and motivation, we decided in 2019 to bundle our market experience. With TGA Solutions Plus, we offer competent technical advice and individual solutions for a wide range of requirements in the field of specialized building equipment.<br>TGA Solutions Plus GmbH is located in M\u00fclheim an der Ruhr, also known as \u201cthe city on the river.\u201d<\/p>\n\n\n\n<h3 class=\"has-text-align-center\"><\/h3>\n\n\n\n<p><\/p>\n\n\n<div class=\"wp-block-image\">\n<figure class=\"aligncenter size-large\"><img loading=\"lazy\" width=\"1024\" height=\"338\" src=\"https:\/\/tga-solutions-plus.de\/wp-content\/uploads\/2022\/11\/vision-trenner-englisch-1024x338.jpg\" alt=\"\" class=\"wp-image-1116\" srcset=\"https:\/\/tga-solutions-plus.de\/wp-content\/uploads\/2022\/11\/vision-trenner-englisch-1024x338.jpg 1024w, https:\/\/tga-solutions-plus.de\/wp-content\/uploads\/2022\/11\/vision-trenner-englisch-300x99.jpg 300w, https:\/\/tga-solutions-plus.de\/wp-content\/uploads\/2022\/11\/vision-trenner-englisch-768x254.jpg 768w, https:\/\/tga-solutions-plus.de\/wp-content\/uploads\/2022\/11\/vision-trenner-englisch-1536x508.jpg 1536w, https:\/\/tga-solutions-plus.de\/wp-content\/uploads\/2022\/11\/vision-trenner-englisch.jpg 2000w\" sizes=\"(max-width: 1024px) 100vw, 1024px\" \/><\/figure><\/div>\n\n\n<p class=\"has-text-align-center\">Future-oriented, modern, highly-efficient, and environmentally-friendly solutions for your building project. With us, you have a strong and competent partner in the field of building technology at your side, who will accompany you step-by-step through the entire process of your construction project. <\/p>\n\n\n\n<p class=\"has-text-align-center\">Benefit from our know-how and expertise right from the start. <\/p>\n\n\n\n<p class=\"has-text-align-center\">Our team consists of ten experienced engineers and technicians with years of industry experience.<\/p>\n\n\n\n<hr class=\"wp-block-separator has-text-color has-alpha-channel-opacity has-background\" style=\"background-color:#ffd200;color:#ffd200\"\/>\n\n\n\n<h3 class=\"has-text-align-center\">We have the perfect solution <br>to every challenge<\/h3>\n\n\n\n<p class=\"has-text-align-center\">TGA Solutions Plus offers you the perfect solution for your construction project. We are here to give you world-class technical advice and a variety of specialized and highly-efficient solutions for your project. This is what the \u201cPlus\u201d in TGA Solutions Plus stands for. <\/p>\n\n\n\n<hr class=\"wp-block-separator has-text-color has-alpha-channel-opacity has-background\" style=\"background-color:#ffd200;color:#ffd200\"\/>\n\n\n\n<h3 class=\"has-text-align-center\">What sets us apart?<\/h3>\n\n\n\n<p class=\"has-text-align-center\">Dedicated professional, technical, and standards in our work. Transparency with you, from start to finish. Forward-thinking, energy-efficient, environmentally-friendly, and modern building solutions. Teamwork throughout the entire project. Continuous innovation and development \u2013 we strive to be the best.<\/p>\n\n\n\n<p class=\"has-text-align-center\">Wir sind ein kompetentes, dynamisches Team mit jahrelanger Erfahrung und unterschiedlichen Schwerpunkten in verschiedenen Fachrichtungen rund um die Geb\u00e4udetechnik. Hierdurch k\u00f6nnen wir Ihnen ma\u00dfgeschneiderte L\u00f6sungen f\u00fcr all Ihre Bauprojekte anbieten \u2013 von der Planung bis zur Bau\u00fcberwachung sowie der Abdeckung des Fachspektrum der folgenden Kostengruppen<\/p>\n\n\n\n<p class=\"has-text-align-center\">\u2022 400 Bauwerk &#8211; Technische Anlagen<br>\u2022 410 Abwasser-, Wasser-, Gasanlagen<br>\u2022 420 W\u00e4rmeversorgungsanlagen<br>\u2022 430 Raumlufttechnische Anlagen<br>\u2022 440 Elektrische Anlagen<br>\u2022 450 Kommunikations-, sicherheits- und informationstechnische Anlagen<br>\u2022 460 F\u00f6rderanlagen<br>\u2022 470 Nutzungsspezifische und verfahrenstechnische Anlagen<br>\u2022 480 Geb\u00e4ude- und Anlagenautomation<\/p>\n\n\n\n<p class=\"has-text-align-center background_gelb\"><br><strong>Our professional claim<\/strong><br>Transparency with you, from start to finish.<br><br><strong>Our technical claim<\/strong><br>Forward-thinking, energy-efficient, environmentally-friendly, and modern building solutions.<br><br><strong>Our professional claim<\/strong><br>Constant innovation and further development<br><br><\/p>\n\n\n\n<hr class=\"wp-block-separator has-text-color has-alpha-channel-opacity has-background\" style=\"background-color:#ffd200;color:#ffd200\"\/>\n\n\n\n<h3 class=\"has-text-align-center\">WE THINK AHEAD<\/h3>\n\n\n\n<p class=\"has-text-align-center\">We care for our customers individually and plan highly-efficient, environmentally-friendly systems with renewable energies<\/p>\n\n\n\n<div class=\"wp-container-8 wp-block-columns\">\n<div class=\"wp-container-1 wp-block-column\" style=\"flex-basis:25%\"><\/div>\n\n\n\n<div class=\"wp-container-6 wp-block-column\" style=\"flex-basis:50%\">\n<div class=\"wp-container-5 wp-block-columns\">\n<div class=\"wp-container-2 wp-block-column\"><div class=\"wp-block-image kreis_world\">\n<figure class=\"aligncenter size-full\"><a href=\"#\"><img src=\"http:\/\/tga-solutions-plus.com\/wp-content\/uploads\/2022\/09\/04_icon-welt-blau.png\" alt=\"\" class=\"wp-image-279\"\/><\/a><\/figure><\/div><\/div>\n\n\n\n<div class=\"wp-container-3 wp-block-column\"><div class=\"wp-block-image kreis_lampe\">\n<figure class=\"aligncenter size-full\"><a href=\"#\"><img src=\"http:\/\/tga-solutions-plus.com\/wp-content\/uploads\/2022\/09\/03_icon-gluehbirne-blau.png\" alt=\"\" class=\"wp-image-277\"\/><\/a><\/figure><\/div><\/div>\n\n\n\n<div class=\"wp-container-4 wp-block-column\"><div class=\"wp-block-image kreis_haus\">\n<figure class=\"aligncenter size-full\"><a href=\"#\"><img src=\"http:\/\/tga-solutions-plus.com\/wp-content\/uploads\/2022\/09\/02_icon-haus-blau.png\" alt=\"\" class=\"wp-image-275\"\/><\/a><\/figure><\/div><\/div>\n<\/div>\n<\/div>\n\n\n\n<div class=\"wp-container-7 wp-block-column\" style=\"flex-basis:25%\"><\/div>\n<\/div>\n\n\n\n<hr class=\"wp-block-separator has-text-color has-alpha-channel-opacity has-background\" style=\"background-color:#ffd200;color:#ffd200\"\/>\n\n\n\n<h3 class=\"has-text-align-center\">A strong partner at your side<\/h3>\n\n\n\n<p class=\"has-text-align-center\">TGA Solutions plus GmbH works exclusively with state-of-the-art, software-based tools. This enables us to achieve outstanding results, reflected in efficient planning processes, regular coordination meetings, and transparent, proactive communication with all project stakeholders.<\/p>\n\n\n\n<p class=\"has-text-align-center\">Since our company was founded in 2019, Prof. Dr. Bernd Witthaus  (<a href=\"http:\/\/www.witthaus-solutions.de\/\">Dr. Witthaus Solutions<\/a> and <a href=\"http:\/\/www.edbau.de\/index.php\/sparten\/36-haupttexte\/93-technische%E2%80%93gebaeudeausruestung-tga-mt\">Edbau.de<\/a>) has been supporting and guiding us with his many years of experience and in-depth expertise in this highly specialized field.<\/p>\n\n\n\n<hr class=\"wp-block-separator has-text-color has-alpha-channel-opacity has-background\" style=\"background-color:#ffd200;color:#ffd200\"\/>\n\n\n\n<div class=\"wp-container-13 wp-block-columns\">\n<div class=\"wp-container-9 wp-block-column\"><\/div>\n\n\n\n<div class=\"wp-container-10 wp-block-column\" style=\"flex-basis:33.33%\"><div class=\"wp-block-image\">\n<figure class=\"alignright size-full\"><img loading=\"lazy\" width=\"898\" height=\"369\" src=\"https:\/\/tga-solutions-plus.de\/wp-content\/uploads\/2025\/10\/zzertifikat-logo-1.png\" alt=\"\" class=\"wp-image-1545\" srcset=\"https:\/\/tga-solutions-plus.de\/wp-content\/uploads\/2025\/10\/zzertifikat-logo-1.png 898w, https:\/\/tga-solutions-plus.de\/wp-content\/uploads\/2025\/10\/zzertifikat-logo-1-300x123.png 300w, https:\/\/tga-solutions-plus.de\/wp-content\/uploads\/2025\/10\/zzertifikat-logo-1-768x316.png 768w\" sizes=\"(max-width: 898px) 100vw, 898px\" \/><\/figure><\/div><\/div>\n\n\n\n<div class=\"wp-container-11 wp-block-column\" style=\"flex-basis:66.66%\">\n<h3 style=\"font-size:25px\"><strong>Sicherheitsprofis an der Seite<\/strong><\/h3>\n\n\n\n<h2 style=\"font-size:18px\">Wir sind bei der BHE als Fachplanungsb\u00fcro f\u00fcr Brandmeldeanlagen nach <strong>DIN14675 zertifiziert <\/strong>und sind <strong>Mitglied der BHE &#8211; Bundesverband Sicherheitstechnik e.v <a rel=\"noreferrer noopener\" href=\"https:\/\/tga-solutions-plus.de\/wp-content\/uploads\/2025\/10\/0924028_14675-2_BMA.pdf\" data-type=\"URL\" data-id=\"https:\/\/tga-solutions-plus.de\/wp-content\/uploads\/2025\/10\/0924028_14675-2_BMA.pdf\" target=\"_blank\">Zum Zertifikat<\/a><\/strong><\/h2>\n<\/div>\n\n\n\n<div class=\"wp-container-12 wp-block-column\"><\/div>\n<\/div>\n\n\n\n<hr class=\"wp-block-separator has-text-color has-alpha-channel-opacity has-background\" style=\"background-color:#ffd200;color:#ffd200\"\/>\n\n\n\n<div class=\"wp-container-19 wp-block-columns\">\n<div class=\"wp-container-14 wp-block-column\"><\/div>\n\n\n\n<div class=\"wp-container-15 wp-block-column\"><\/div>\n\n\n\n<div class=\"wp-container-16 wp-block-column\" style=\"flex-basis:66.66%\">\n<h3 style=\"font-size:25px\"><strong>Partnerschaft \u2013 Kunst und Kultur<\/strong><\/h3>\n\n\n\n<h2 style=\"font-size:18px\">Wir unterst\u00fctzen die <strong>Kurt-Sandweg-Stiftung <\/strong>und den guten Zweck: Die F\u00f6rderung von Kunst und Kultur, indem der Nachlass des D\u00fcsseldorfer Bildhauers Kurt Sandweg der \u00d6ffentlichkeit zug\u00e4nglich gemacht und somit erhalten wird. Dies soll zus\u00e4tzlich als Initialz\u00fcndung f\u00fcr weitere K\u00fcnstler dienen mit Hilfe der Stiftung den gleichen Weg zu beschreiten, um ihrer Kunst ein wenig Unsterblichkeit auf Zeit zu verleihen. <strong><a href=\"https:\/\/www.kurt-sandweg-stiftung.de\/index.php\/partner\/tga-solutions-plus-gmbh\" target=\"_blank\" rel=\"noreferrer noopener\">Mehr zur Kurt-Sandweg-Stiftung<\/a><\/strong><\/h2>\n<\/div>\n\n\n\n<div class=\"wp-container-17 wp-block-column\" style=\"flex-basis:33.33%\"><div class=\"wp-block-image\">\n<figure class=\"alignright size-full\"><img loading=\"lazy\" width=\"898\" height=\"369\" src=\"https:\/\/tga-solutions-plus.de\/wp-content\/uploads\/2024\/11\/BHE_Sicherheitstechnik_1.png\" alt=\"\" class=\"wp-image-1384\" srcset=\"https:\/\/tga-solutions-plus.de\/wp-content\/uploads\/2024\/11\/BHE_Sicherheitstechnik_1.png 898w, https:\/\/tga-solutions-plus.de\/wp-content\/uploads\/2024\/11\/BHE_Sicherheitstechnik_1-300x123.png 300w, https:\/\/tga-solutions-plus.de\/wp-content\/uploads\/2024\/11\/BHE_Sicherheitstechnik_1-768x316.png 768w\" sizes=\"(max-width: 898px) 100vw, 898px\" \/><\/figure><\/div><\/div>\n\n\n\n<div class=\"wp-container-18 wp-block-column\"><\/div>\n<\/div>\n\n\n\n<h4 class=\"has-text-align-center BackgroundDarkBlue has-background\" style=\"background-color:#001f4b\">TGA Solutions plus GmbH \u2013 architectural and civil engineering <br>Your contact persons<\/h4>\n<\/div>\n<\/div><\/div>\n\n\n\n<div class=\"wp-container-26 wp-block-columns\">\n<div class=\"wp-container-20 wp-block-column\"><\/div>\n\n\n\n<div class=\"wp-container-21 wp-block-column\"><div class=\"wp-block-image\">\n<figure class=\"aligncenter size-full\"><img loading=\"lazy\" width=\"637\" height=\"761\" src=\"https:\/\/tga-solutions-plus.de\/wp-content\/uploads\/2025\/10\/tamer-v2-1.jpg\" alt=\"\" class=\"wp-image-1473\" srcset=\"https:\/\/tga-solutions-plus.de\/wp-content\/uploads\/2025\/10\/tamer-v2-1.jpg 637w, https:\/\/tga-solutions-plus.de\/wp-content\/uploads\/2025\/10\/tamer-v2-1-251x300.jpg 251w\" sizes=\"(max-width: 637px) 100vw, 637px\" \/><\/figure><\/div>\n\n\n<h4 class=\"has-text-align-center\">Tamer Turan<br><strong>Dipl. -Ing. (FH)<\/strong><\/h4>\n<\/div>\n\n\n\n<div class=\"wp-container-22 wp-block-column\"><div class=\"wp-block-image\">\n<figure class=\"aligncenter size-full\"><img loading=\"lazy\" width=\"637\" height=\"761\" src=\"https:\/\/tga-solutions-plus.de\/wp-content\/uploads\/2025\/10\/KURT_v2-3.jpg\" alt=\"\" class=\"wp-image-1481\" srcset=\"https:\/\/tga-solutions-plus.de\/wp-content\/uploads\/2025\/10\/KURT_v2-3.jpg 637w, https:\/\/tga-solutions-plus.de\/wp-content\/uploads\/2025\/10\/KURT_v2-3-251x300.jpg 251w\" sizes=\"(max-width: 637px) 100vw, 637px\" \/><\/figure><\/div>\n\n\n<h4 class=\"has-text-align-center\">Kurt Holler<br><strong>Dipl. -Ing. (FH)<\/strong><\/h4>\n\n\n\n<h4 class=\"has-text-align-center\"><\/h4>\n<\/div>\n\n\n\n<div class=\"wp-container-25 wp-block-column\">\n<div class=\"wp-container-24 wp-block-columns\">\n<div class=\"wp-container-23 wp-block-column\"><\/div>\n<\/div>\n<\/div>\n<\/div>\n\n\n\n<h4 class=\"has-text-align-center BackgroundDarkBlue has-background\" style=\"background-color:#001f4b\"><strong>OUR TEAM<\/strong><\/h4>\n\n\n\n<div class=\"wp-container-35 wp-block-columns P_Nopedding\">\n<div class=\"wp-container-30 wp-block-column\">\n<div class=\"wp-container-29 wp-block-columns\">\n<div class=\"wp-container-27 wp-block-column\">\n<p class=\"BG_Change_Person1\"><a href=\"#\">link<\/a><\/p>\n<\/div>\n\n\n\n<div class=\"wp-container-28 wp-block-column\">\n<p class=\"BG_Change_Person2\"><a href=\"#\">link<\/a><\/p>\n<\/div>\n<\/div>\n<\/div>\n\n\n\n<div class=\"wp-container-34 wp-block-column\">\n<div class=\"wp-container-33 wp-block-columns\">\n<div class=\"wp-container-31 wp-block-column\">\n<p class=\"BG_Change_Person3 ticss-82cf79b4\"><a href=\"#\">link<\/a><\/p>\n<\/div>\n\n\n\n<div class=\"wp-container-32 wp-block-column\">\n<p class=\"BG_Change_Person4\"><a href=\"#\">link<\/a><\/p>\n<\/div>\n<\/div>\n<\/div>\n<\/div>\n\n\n\n<div class=\"wp-container-44 wp-block-columns P_Nopedding\">\n<div class=\"wp-container-39 wp-block-column\">\n<div class=\"wp-container-38 wp-block-columns\">\n<div class=\"wp-container-36 wp-block-column\">\n<p class=\"BG_Change_Person5\"><a href=\"#\">link<\/a><\/p>\n<\/div>\n\n\n\n<div class=\"wp-container-37 wp-block-column\">\n<p class=\"BG_Change_Person6\"><a href=\"#\">link<\/a><\/p>\n<\/div>\n<\/div>\n<\/div>\n\n\n\n<div class=\"wp-container-43 wp-block-column\">\n<div class=\"wp-container-42 wp-block-columns\">\n<div class=\"wp-container-40 wp-block-column\">\n<p class=\"BG_Change_Person7\"><a href=\"#\">link<\/a><\/p>\n<\/div>\n\n\n\n<div class=\"wp-container-41 wp-block-column\">\n<p class=\"BG_Change_Person8\"><a href=\"#\">link<\/a><\/p>\n<\/div>\n<\/div>\n<\/div>\n<\/div>\n\n\n\n<div class=\"wp-container-53 wp-block-columns P_Nopedding\">\n<div class=\"wp-container-48 wp-block-column\">\n<div class=\"wp-container-47 wp-block-columns\">\n<div class=\"wp-container-45 wp-block-column\">\n<p class=\"BG_Change_Person9\"><a href=\"#\">link<\/a><\/p>\n<\/div>\n\n\n\n<div class=\"wp-container-46 wp-block-column\">\n<p class=\"BG_Change_Person10 ticss-11266a52\"><a href=\"#\">link<\/a><\/p>\n<\/div>\n<\/div>\n<\/div>\n\n\n\n<div class=\"wp-container-52 wp-block-column\">\n<div class=\"wp-container-51 wp-block-columns\">\n<div class=\"wp-container-49 wp-block-column\">\n<p class=\"BG_Change_Person12\"><a href=\"#\">link<\/a><\/p>\n<\/div>\n\n\n\n<div class=\"wp-container-50 wp-block-column\">\n<p class=\"BG_Change_Person20\"><a href=\"http:\/\/link\">link<\/a><\/p>\n<\/div>\n<\/div>\n<\/div>\n<\/div>\n\n\n\n<div class=\"wp-container-62 wp-block-columns P_Nopedding\">\n<div class=\"wp-container-57 wp-block-column\">\n<div class=\"wp-container-56 wp-block-columns\">\n<div class=\"wp-container-54 wp-block-column\">\n<p class=\"BG_Change_Person21\"><a href=\"#\">link<\/a><\/p>\n<\/div>\n\n\n\n<div class=\"wp-container-55 wp-block-column\">\n<p class=\"BG_Change_Person22\"><a href=\"#\">link<\/a><\/p>\n<\/div>\n<\/div>\n<\/div>\n\n\n\n<div class=\"wp-container-61 wp-block-column\">\n<div class=\"wp-container-60 wp-block-columns\">\n<div class=\"wp-container-58 wp-block-column\">\n<p class=\"BG_Change_Person23\"><a href=\"#\">link<\/a><\/p>\n<\/div>\n\n\n\n<div class=\"wp-container-59 wp-block-column\">\n<p class=\"BG_Change_Person24\"><a href=\"http:\/\/link\">link<\/a><\/p>\n<\/div>\n<\/div>\n<\/div>\n<\/div>\n\n\n\n<div class=\"wp-container-71 wp-block-columns P_Nopedding\">\n<div class=\"wp-container-66 wp-block-column\">\n<div class=\"wp-container-65 wp-block-columns\">\n<div class=\"wp-container-63 wp-block-column\">\n<p class=\"BG_Change_Person25\"><a href=\"#\">link<\/a><\/p>\n<\/div>\n\n\n\n<div class=\"wp-container-64 wp-block-column\"><\/div>\n<\/div>\n<\/div>\n\n\n\n<div class=\"wp-container-70 wp-block-column\">\n<div class=\"wp-container-69 wp-block-columns\">\n<div class=\"wp-container-67 wp-block-column\"><\/div>\n\n\n\n<div class=\"wp-container-68 wp-block-column\"><\/div>\n<\/div>\n<\/div>\n<\/div>\n\n\n\n<div class=\"wp-container-77 wp-block-columns AbschnittKontakt has-background\" style=\"background-color:#001f4b\">\n<div class=\"wp-container-76 wp-block-column\">\n<h3 class=\"has-text-align-center has-base-3-color has-text-color\">Your contact<\/h3>\n\n\n\n<p class=\"has-text-align-center\">Do you need support for your construction project or do you have any questions? We are glad to be here for you. Please fill out the contact form below so that we can help you as effectively as possible.<\/p>\n\n\n\n<div class=\"wp-container-75 wp-block-columns\">\n<div class=\"wp-container-72 wp-block-column\" style=\"flex-basis:25%\"><\/div>\n\n\n\n<div class=\"wp-container-73 wp-block-column\" style=\"flex-basis:50%\"><div class=\"wpforms-container wpforms-container-full\" id=\"wpforms-86\"><form id=\"wpforms-form-86\" class=\"wpforms-validate wpforms-form wpforms-ajax-form\" data-formid=\"86\" method=\"post\" enctype=\"multipart\/form-data\" action=\"\/en\/wp-json\/wp\/v2\/pages\/449\" data-token=\"5078431a2a8602cb5525b896262bc5e8\"><noscript class=\"wpforms-error-noscript\">Please enable JavaScript in your browser to complete this form.<\/noscript><div class=\"wpforms-field-container\"><div id=\"wpforms-86-field_3-container\" class=\"wpforms-field wpforms-field-text\" data-field-id=\"3\"><label class=\"wpforms-field-label\" for=\"wpforms-86-field_3\">company<\/label><input type=\"text\" id=\"wpforms-86-field_3\" class=\"wpforms-field-medium\" name=\"wpforms[fields][3]\" ><\/div><div id=\"wpforms-86-field_4-container\" class=\"wpforms-field wpforms-field-text\" data-field-id=\"4\"><label class=\"wpforms-field-label\" for=\"wpforms-86-field_4\">name <span class=\"wpforms-required-label\">*<\/span><\/label><input type=\"text\" id=\"wpforms-86-field_4\" class=\"wpforms-field-medium wpforms-field-required\" name=\"wpforms[fields][4]\" required><\/div><div id=\"wpforms-86-field_1-container\" class=\"wpforms-field wpforms-field-email\" data-field-id=\"1\"><label class=\"wpforms-field-label\" for=\"wpforms-86-field_1\">e-mail <span class=\"wpforms-required-label\">*<\/span><\/label><input type=\"email\" id=\"wpforms-86-field_1\" class=\"wpforms-field-medium wpforms-field-required\" name=\"wpforms[fields][1]\" required><\/div><div id=\"wpforms-86-field_2-container\" class=\"wpforms-field wpforms-field-textarea\" data-field-id=\"2\"><label class=\"wpforms-field-label\" for=\"wpforms-86-field_2\">your message<\/label><textarea id=\"wpforms-86-field_2\" class=\"wpforms-field-medium\" name=\"wpforms[fields][2]\" ><\/textarea><\/div><div id=\"wpforms-86-field_5-container\" class=\"wpforms-field wpforms-field-checkbox\" data-field-id=\"5\"><label class=\"wpforms-field-label\" for=\"wpforms-86-field_5\">privacy <span class=\"wpforms-required-label\">*<\/span><\/label><ul id=\"wpforms-86-field_5\" class=\"wpforms-field-required\"><li class=\"choice-1 depth-1\"><input type=\"checkbox\" id=\"wpforms-86-field_5_1\" name=\"wpforms[fields][5][]\" value=\"Yes, I have read the privacy policy and agree to it.\" required ><label class=\"wpforms-field-label-inline\" for=\"wpforms-86-field_5_1\">Yes, I have read the privacy policy and agree to it.<\/label><\/li><\/ul><\/div><\/div><div class=\"wpforms-submit-container\"><input type=\"hidden\" name=\"wpforms[id]\" value=\"86\"><input type=\"hidden\" name=\"wpforms[author]\" value=\"1\"><button type=\"submit\" name=\"wpforms[submit]\" id=\"wpforms-submit-86\" class=\"wpforms-submit\" data-alt-text=\"send...\" data-submit-text=\"send\" aria-live=\"assertive\" value=\"wpforms-submit\">send<\/button><img src=\"https:\/\/tga-solutions-plus.de\/wp-content\/plugins\/wpforms-lite\/assets\/images\/submit-spin.svg\" class=\"wpforms-submit-spinner\" style=\"display: none;\" width=\"26\" height=\"26\" alt=\"Loading\"><\/div><\/form><\/div>  <!-- .wpforms-container --><\/div>\n\n\n\n<div class=\"wp-container-74 wp-block-column\" style=\"flex-basis:25%\"><\/div>\n<\/div>\n\n\n\n<p><\/p>\n<\/div>\n<\/div>\n\n\n\n<hr class=\"wp-block-separator has-text-color has-alpha-channel-opacity has-background\" style=\"background-color:#ffd200;color:#ffd200\"\/>\n\n\n\n<h3 class=\"has-text-align-center\">Successful projects<\/h3>\n\n\n\n<div class=\"wp-container-80 wp-block-columns\">\n<div class=\"wp-container-78 wp-block-column\">\n<figure class=\"wp-block-image size-full\"><img loading=\"lazy\" width=\"700\" height=\"320\" src=\"http:\/\/tga-solutions-plus.com\/wp-content\/uploads\/2022\/09\/08_Projekt-01.jpg\" alt=\"\" class=\"wp-image-143\" srcset=\"https:\/\/tga-solutions-plus.de\/wp-content\/uploads\/2022\/09\/08_Projekt-01.jpg 700w, https:\/\/tga-solutions-plus.de\/wp-content\/uploads\/2022\/09\/08_Projekt-01-300x137.jpg 300w\" sizes=\"(max-width: 700px) 100vw, 700px\" \/><\/figure>\n<\/div>\n\n\n\n<div class=\"wp-container-79 wp-block-column\">\n<figure class=\"wp-block-image size-full\"><img loading=\"lazy\" width=\"700\" height=\"320\" src=\"http:\/\/tga-solutions-plus.com\/wp-content\/uploads\/2022\/09\/11_Projekt-04.jpg\" alt=\"\" class=\"wp-image-146\" srcset=\"https:\/\/tga-solutions-plus.de\/wp-content\/uploads\/2022\/09\/11_Projekt-04.jpg 700w, https:\/\/tga-solutions-plus.de\/wp-content\/uploads\/2022\/09\/11_Projekt-04-300x137.jpg 300w\" sizes=\"(max-width: 700px) 100vw, 700px\" \/><\/figure>\n<\/div>\n<\/div>\n\n\n\n<div class=\"wp-container-83 wp-block-columns\">\n<div class=\"wp-container-81 wp-block-column\">\n<figure class=\"wp-block-image size-full\"><img loading=\"lazy\" width=\"700\" height=\"320\" src=\"http:\/\/tga-solutions-plus.com\/wp-content\/uploads\/2022\/09\/10_Projekt-03.jpg\" alt=\"\" class=\"wp-image-145\" srcset=\"https:\/\/tga-solutions-plus.de\/wp-content\/uploads\/2022\/09\/10_Projekt-03.jpg 700w, https:\/\/tga-solutions-plus.de\/wp-content\/uploads\/2022\/09\/10_Projekt-03-300x137.jpg 300w\" sizes=\"(max-width: 700px) 100vw, 700px\" \/><\/figure>\n<\/div>\n\n\n\n<div class=\"wp-container-82 wp-block-column\">\n<figure class=\"wp-block-image size-full\"><img loading=\"lazy\" width=\"700\" height=\"320\" src=\"http:\/\/tga-solutions-plus.com\/wp-content\/uploads\/2022\/09\/09_Projekt-02.jpg\" alt=\"\" class=\"wp-image-144\" srcset=\"https:\/\/tga-solutions-plus.de\/wp-content\/uploads\/2022\/09\/09_Projekt-02.jpg 700w, https:\/\/tga-solutions-plus.de\/wp-content\/uploads\/2022\/09\/09_Projekt-02-300x137.jpg 300w\" sizes=\"(max-width: 700px) 100vw, 700px\" \/><\/figure>\n<\/div>\n<\/div>\n\n\n\n<div class=\"wp-container-84 wp-block-buttons\">\n<div class=\"wp-block-button aligncenter\"><a class=\"wp-block-button__link has-text-color has-background\" href=\"http:\/\/tga-solutions-plus.de\/en\/projects\/\" style=\"background-color:#ffd200;color:#001f4b\"><strong>to all projects<\/strong><\/a><\/div>\n<\/div>\n","protected":false},"excerpt":{"rendered":"<p>Tamer TuranDipl. -Ing. (FH) Kurt HollerDipl. -Ing. (FH) OUR TEAM link link link link link link link link link link link link link link link link link Successful projects<\/p>\n","protected":false},"author":1,"featured_media":0,"parent":0,"menu_order":0,"comment_status":"closed","ping_status":"closed","template":"","meta":{"ngg_post_thumbnail":0,"_themeisle_gutenberg_block_has_review":false},"_links":{"self":[{"href":"https:\/\/tga-solutions-plus.de\/en\/wp-json\/wp\/v2\/pages\/449"}],"collection":[{"href":"https:\/\/tga-solutions-plus.de\/en\/wp-json\/wp\/v2\/pages"}],"about":[{"href":"https:\/\/tga-solutions-plus.de\/en\/wp-json\/wp\/v2\/types\/page"}],"author":[{"embeddable":true,"href":"https:\/\/tga-solutions-plus.de\/en\/wp-json\/wp\/v2\/users\/1"}],"replies":[{"embeddable":true,"href":"https:\/\/tga-solutions-plus.de\/en\/wp-json\/wp\/v2\/comments?post=449"}],"version-history":[{"count":27,"href":"https:\/\/tga-solutions-plus.de\/en\/wp-json\/wp\/v2\/pages\/449\/revisions"}],"predecessor-version":[{"id":1955,"href":"https:\/\/tga-solutions-plus.de\/en\/wp-json\/wp\/v2\/pages\/449\/revisions\/1955"}],"wp:attachment":[{"href":"https:\/\/tga-solutions-plus.de\/en\/wp-json\/wp\/v2\/media?parent=449"}],"curies":[{"name":"wp","href":"https:\/\/api.w.org\/{rel}","templated":true}]}}